{"id":895,"date":"2016-11-04T17:51:30","date_gmt":"2016-11-04T14:51:30","guid":{"rendered":"http:\/\/paulista.kiev.ua\/music-and-songs\/que-barulho-e-esse\/?lang=en"},"modified":"2017-12-02T13:19:00","modified_gmt":"2017-12-02T10:19:00","slug":"que-barulho-e-esse","status":"publish","type":"page","link":"https:\/\/paulista.kyiv.ua\/en\/music-and-songs\/que-barulho-e-esse\/","title":{"rendered":"Que barulho \u00e9 esse"},"content":{"rendered":"<h2>Que barulho \u00e9 esse<\/h2>\n<table>\n<tbody>\n<tr>\n<td>\n<p style=\"text-align: center;\">***<\/p>\n<p>Que barulho \u00e9 esse \u00e9 um tal de zum zum zum?<\/p>\n<p><strong>Que barulho \u00e9 esse \u00e9 um tal de zum zum zum?<\/strong><\/p>\n<p>Foi o Manduca da praia que acabou de matar um<\/p>\n<p><strong>Foi o Manduca da praia que acabou de matar um<\/strong><\/p>\n<p>Quando a policia chegou foi um tal de au\u00ea au\u00ea <\/p>\n<p><strong>Quando a policia chegou foi um tal de au\u00ea au\u00ea<\/strong><\/p>\n<p>Vamos embora seu mo\u00e7o que essa briga \u00e9 pra vale <\/p>\n<p><strong>Vamos embora seu mo\u00e7o que essa briga \u00e9 pra vale<\/strong><\/p>\n<\/td>\n<td>\n<p style=\"text-align: center;\">***<\/p>\n<p>\u041a\u0435 \u0431\u0430\u0440\u0443\u043b\u044c\u043e \u044d\u0441\u0441\u044d \u0435 \u0443\u043c \u0442\u0430\u043b \u0434\u044d \u0437\u0443\u043c \u0437\u0443\u043c \u0437\u0443\u043c?<\/p>\n<p><strong>\u041a\u0435 \u0431\u0430\u0440\u0443\u043b\u044c\u043e \u044d\u0441\u0441\u044d \u0435 \u0443\u043c \u0442\u0430\u043b \u0434\u044d \u0437\u0443\u043c \u0437\u0443\u043c \u0437\u0443\u043c?<\/strong><\/p>\n<p>\u0424\u043e\u0439 \u0443 \u041c\u0430\u043d\u0434\u0443\u043a\u0430 \u0434\u0430 \u043f\u0440\u0430\u0439\u0430 \u043a\u0435 \u0430\u043a\u0430\u0431\u0443 \u0434\u044d \u043c\u0430\u0442\u0430\u0440 \u0443\u043c<\/p>\n<p><strong>\u0424\u043e\u0439 \u0443 \u041c\u0430\u043d\u0434\u0443\u043a\u0430 \u0434\u0430 \u043f\u0440\u0430\u0439\u0430 \u043a\u0435 \u0430\u043a\u0430\u0431\u0443 \u0434\u044d \u043c\u0430\u0442\u0430\u0440 \u0443\u043c<\/strong><\/p>\n<p>\u041a\u0432\u0430\u043d\u0434\u0443 \u043f\u043e\u043b\u0438\u0441\u0438\u0430 \u0448\u0435\u0433\u043e\u0443 \u0444\u043e\u0439 \u0443\u043c \u0442\u0430\u043b \u0430\u0432\u0435 \u0430\u0432\u0435 <\/p>\n<p><strong>\u041a\u0432\u0430\u043d\u0434\u0443 \u043f\u043e\u043b\u0438\u0441\u0438\u0430 \u0448\u0435\u0433\u043e\u0443 \u0444\u043e\u0439 \u0443\u043c \u0442\u0430\u043b \u0430\u0432\u0435 \u0430\u0432\u0435 <\/strong><\/p>\n<p>\u0412\u0430\u043c\u043e\u0441 \u044d\u043c\u0431\u043e\u0440\u0430 \u0441\u0435\u0443 \u043c\u043e\u0441\u043e \u043a\u0435 \u044d\u0441\u0441\u0430 \u0431\u0440\u0438\u0433\u0430 \u044d \u043f\u0440\u0430 \u0432\u0430\u043b\u0435<\/p>\n<p><strong>\u0412\u0430\u043c\u043e\u0441 \u044d\u043c\u0431\u043e\u0440\u0430 \u0441\u0435\u0443 \u043c\u043e\u0441\u043e \u043a\u0435 \u044d\u0441\u0441\u0430 \u0431\u0440\u0438\u0433\u0430 \u044d \u043f\u0440\u0430 \u0432\u0430\u043b\u0435<\/strong><\/p>\n<\/td>\n<td>\n<p style=\"text-align: center;\">***<\/p>\n<p>\u0427\u0442\u043e \u0437\u0430 \u0448\u0443\u043c \u043f\u043e\u0445\u043e\u0436 \u043d\u0430 &#8220;\u0437\u0443\u043c \u0437\u0443\u043c \u0437\u0443\u043c&#8221;?<\/p>\n<p><\/p>\n<p><strong>\u0427\u0442\u043e \u0437\u0430 \u0448\u0443\u043c \u043f\u043e\u0445\u043e\u0436 \u043d\u0430 &#8220;\u0437\u0443\u043c \u0437\u0443\u043c \u0437\u0443\u043c&#8221;?<\/strong><\/p>\n<p>\u042d\u0442\u043e \u0431\u044b\u043b \u041c\u0430\u043d\u0434\u0443\u043a\u0430 \u0434\u0430 \u041f\u0440\u0430\u0439\u0430, \u043e\u043d \u0442\u043e\u043b\u044c\u043a\u043e \u0447\u0442\u043e \u043a\u043e\u0433\u043e-\u0442\u043e \u0443\u0431\u0438\u043b<\/p>\n<p><strong>\u042d\u0442\u043e \u0431\u044b\u043b \u041c\u0430\u043d\u0434\u0443\u043a\u0430 \u0434\u0430 \u041f\u0440\u0430\u0439\u0430, \u043e\u043d \u0442\u043e\u043b\u044c\u043a\u043e \u0447\u0442\u043e \u043a\u043e\u0433\u043e-\u0442\u043e \u0443\u0431\u0438\u043b<\/strong><\/p>\n<p>\u041a\u043e\u0433\u0434\u0430 \u043f\u0440\u0438\u0435\u0445\u0430\u043b\u0430 \u043f\u043e\u043b\u0438\u0446\u0438\u044f \u043d\u0430\u0447\u0430\u043b\u0430\u0441\u044c \u0441\u0443\u0435\u0442\u0430-\u0441\u0443\u0435\u0442\u0430<\/p>\n<p><strong>\u041a\u043e\u0433\u0434\u0430 \u043f\u0440\u0438\u0435\u0445\u0430\u043b\u0430 \u043f\u043e\u043b\u0438\u0446\u0438\u044f \u043d\u0430\u0447\u0430\u043b\u0430\u0441\u044c \u0441\u0443\u0435\u0442\u0430-\u0441\u0443\u0435\u0442\u0430<\/strong><\/p>\n<p>\u0414\u0430\u0432\u0430\u0439\u0442\u0435 \u0441\u0432\u0430\u043b\u0438\u0432\u0430\u0442\u044c, \u0442\u0430\u043a \u043a\u0430\u043a \u0442\u0443\u0442 \u043d\u0430\u0441\u0442\u043e\u044f\u0449\u0430\u044f \u0434\u0440\u0430\u043a\u0430<\/p>\n<p><strong>\u0414\u0430\u0432\u0430\u0439\u0442\u0435 \u0441\u0432\u0430\u043b\u0438\u0432\u0430\u0442\u044c, \u0442\u0430\u043a \u043a\u0430\u043a \u0442\u0443\u0442 \u043d\u0430\u0441\u0442\u043e\u044f\u0449\u0430\u044f \u0434\u0440\u0430\u043a\u0430<\/strong><\/p>\n<\/td>\n<\/tr>\n<\/table>\n","protected":false},"excerpt":{"rendered":"<p>Que barulho \u00e9 esse *** Que barulho \u00e9 esse \u00e9 um tal de zum zum zum? Que barulho \u00e9 esse \u00e9 um tal de zum zum zum? Foi o Manduca da praia que acabou de matar um Foi o Manduca [&hellip;]<\/p>\n","protected":false},"author":1,"featured_media":0,"parent":845,"menu_order":0,"comment_status":"closed","ping_status":"closed","template":"full-width.php","meta":[],"_links":{"self":[{"href":"https:\/\/paulista.kyiv.ua\/en\/wp-json\/wp\/v2\/pages\/895"}],"collection":[{"href":"https:\/\/paulista.kyiv.ua\/en\/wp-json\/wp\/v2\/pages"}],"about":[{"href":"https:\/\/paulista.kyiv.ua\/en\/wp-json\/wp\/v2\/types\/page"}],"author":[{"embeddable":true,"href":"https:\/\/paulista.kyiv.ua\/en\/wp-json\/wp\/v2\/users\/1"}],"replies":[{"embeddable":true,"href":"https:\/\/paulista.kyiv.ua\/en\/wp-json\/wp\/v2\/comments?post=895"}],"version-history":[{"count":1,"href":"https:\/\/paulista.kyiv.ua\/en\/wp-json\/wp\/v2\/pages\/895\/revisions"}],"predecessor-version":[{"id":896,"href":"https:\/\/paulista.kyiv.ua\/en\/wp-json\/wp\/v2\/pages\/895\/revisions\/896"}],"up":[{"embeddable":true,"href":"https:\/\/paulista.kyiv.ua\/en\/wp-json\/wp\/v2\/pages\/845"}],"wp:attachment":[{"href":"https:\/\/paulista.kyiv.ua\/en\/wp-json\/wp\/v2\/media?parent=895"}],"curies":[{"name":"wp","href":"https:\/\/api.w.org\/{rel}","templated":true}]}}