{"id":845,"date":"2016-10-25T11:38:55","date_gmt":"2016-10-25T08:38:55","guid":{"rendered":"http:\/\/paulista.kiev.ua\/music-and-songs\/?lang=en"},"modified":"2021-01-29T17:01:31","modified_gmt":"2021-01-29T14:01:31","slug":"music-and-songs","status":"publish","type":"page","link":"https:\/\/paulista.kyiv.ua\/en\/music-and-songs\/","title":{"rendered":"Lyrics"},"content":{"rendered":"<h2 style=\"text-align: center;\">Lyrics<\/h2>\n<p>Music is an essential part of capoeira. Here you can find some lyrics and listen to the most common capoeira songs.<\/p>\n<div class=\"ls_container\"><h3 class=\"widget_title\">The list of songs<\/h3><ul class=\"ls_page_list\"><li><a href=\"http:\/\/paulista.kiev.ua\/music-and-songs\/o-que-e-berimbau\/?lang=en\">O que e berimbau?<\/a><\/li><li><a href=\"http:\/\/paulista.kiev.ua\/music-and-songs\/berimbau-berimbau\/?lang=en\">Berimbau, Berimbau<\/a><\/li><li><a href=\"http:\/\/paulista.kiev.ua\/music-and-songs\/no-nego-voce-nao-da\/?lang=en\">No Nego Voc\u00ea N\u00e3o D\u00e1<\/a><\/li><li><a href=\"http:\/\/paulista.kiev.ua\/music-and-songs\/e-na-hora-e-e-na-hora-a\/?lang=en\">E na hora \u00ea, E na hora \u00e1<\/a><\/li><li><a href=\"http:\/\/paulista.kiev.ua\/music-and-songs\/voce-bebeu-jurema\/?lang=en\">Voc\u00ea bebeu Jurema<\/a><\/li><li><a href=\"http:\/\/paulista.kiev.ua\/music-and-songs\/vivo-num-ninho-de-cobra\/?lang=en\">Vivo num ninho de cobra!<\/a><\/li><li><a href=\"http:\/\/paulista.kiev.ua\/music-and-songs\/alecrim-dourado\/?lang=en\">Alecrim Dourado<\/a><\/li><li><a href=\"http:\/\/paulista.kiev.ua\/music-and-songs\/sinha\/?lang=en\">Sinh\u00e1<\/a><\/li><li><a href=\"http:\/\/paulista.kiev.ua\/music-and-songs\/boa-noite-pra-quem-e-de-boa-noite\/?lang=en\">Boa noite pra quem \u00e9 de boa noite<\/a><\/li><li><a href=\"http:\/\/paulista.kiev.ua\/music-and-songs\/amanha-e-dia-santo\/?lang=en\">Amanha \u00e9 Dia Santo<\/a><\/li><li><a href=\"http:\/\/paulista.kiev.ua\/music-and-songs\/eu-foi-na-mata-pegar\/?lang=en\">Eu foi na mata pegar<\/a><\/li><li><a href=\"http:\/\/paulista.kiev.ua\/music-and-songs\/que-barulho-e-esse\/?lang=en\">Que barulho \u00e9 esse<\/a><\/li><li><a href=\"http:\/\/paulista.kiev.ua\/music-and-songs\/peixe-vivo\/?lang=en\">Peixe Vivo<\/a><\/li><li><a href=\"http:\/\/paulista.kiev.ua\/music-and-songs\/jogar-capoeira-de-angola\/?lang=en\">Jogar Capoeira de Angola<\/a><\/li><li><a href=\"http:\/\/paulista.kiev.ua\/music-and-songs\/paranaue-parana\/?lang=en\">Paranaue, Parana<\/a><\/li><li><a href=\"http:\/\/paulista.kiev.ua\/music-and-songs\/toma-cuidado-menino\/?lang=en\">Toma cuidado menino<\/a><\/li><li><a href=\"http:\/\/paulista.kiev.ua\/music-and-songs\/a-hora-e-essa\/?lang=en\">A Hora \u00e9 Essa<\/a><\/li><li><a href=\"http:\/\/paulista.kiev.ua\/music-and-songs\/eu-pisei-na-folha-seca\/?lang=en\">Eu pisei na folha seca<\/a><\/li><li><a href=\"http:\/\/paulista.kiev.ua\/music-and-songs\/eu-nao-sou-daqui-capoeira\/?lang=en\">Eu n\u00e3o sou daqui Capoeira<\/a><\/li><li><a href=\"http:\/\/paulista.kiev.ua\/music-and-songs\/abalou-capoeira-abalou\/?lang=en\">Abalou capoeira abalou<\/a><\/li><li><a href=\"http:\/\/paulista.kiev.ua\/music-and-songs\/madeira-boa-vou-esperar-a-lua-voltar\/?lang=en\">Madeira Boa  (Vou esperar a lua voltar)<\/a><\/li><li><a href=\"http:\/\/paulista.kiev.ua\/music-and-songs\/paranaue\/?lang=en\">Paranau\u00ea<\/a><\/li><\/ul><\/div>\n<p><!-- Global site tag (gtag.js) - Google Ads: 977626270 --><br \/>\n<script async=\"\" src=\"https:\/\/www.googletagmanager.com\/gtag\/js?id=AW-977626270\"><\/script><br \/>\n<script><br \/>\n  window.dataLayer = window.dataLayer || [];<br \/>\n  function gtag(){dataLayer.push(arguments);}<br \/>\n  gtag('js', new Date());<\/p>\n<p>  gtag('config', 'AW-977626270');<br \/>\n<\/script><\/p>\n","protected":false},"excerpt":{"rendered":"<p>Lyrics Music is an essential part of capoeira. Here you can find some lyrics and listen to the most common capoeira songs.<\/p>\n","protected":false},"author":1,"featured_media":0,"parent":0,"menu_order":0,"comment_status":"closed","ping_status":"closed","template":"full-width.php","meta":[],"_links":{"self":[{"href":"https:\/\/paulista.kyiv.ua\/en\/wp-json\/wp\/v2\/pages\/845"}],"collection":[{"href":"https:\/\/paulista.kyiv.ua\/en\/wp-json\/wp\/v2\/pages"}],"about":[{"href":"https:\/\/paulista.kyiv.ua\/en\/wp-json\/wp\/v2\/types\/page"}],"author":[{"embeddable":true,"href":"https:\/\/paulista.kyiv.ua\/en\/wp-json\/wp\/v2\/users\/1"}],"replies":[{"embeddable":true,"href":"https:\/\/paulista.kyiv.ua\/en\/wp-json\/wp\/v2\/comments?post=845"}],"version-history":[{"count":4,"href":"https:\/\/paulista.kyiv.ua\/en\/wp-json\/wp\/v2\/pages\/845\/revisions"}],"predecessor-version":[{"id":1274,"href":"https:\/\/paulista.kyiv.ua\/en\/wp-json\/wp\/v2\/pages\/845\/revisions\/1274"}],"wp:attachment":[{"href":"https:\/\/paulista.kyiv.ua\/en\/wp-json\/wp\/v2\/media?parent=845"}],"curies":[{"name":"wp","href":"https:\/\/api.w.org\/{rel}","templated":true}]}}